{"id":376,"date":"2025-03-13T12:18:35","date_gmt":"2025-03-13T11:18:35","guid":{"rendered":"http:\/\/sinimedved.fr\/?page_id=376"},"modified":"2026-01-21T18:21:47","modified_gmt":"2026-01-21T17:21:47","slug":"projet-de-dimplome","status":"publish","type":"page","link":"https:\/\/sinimedved.fr\/?page_id=376","title":{"rendered":""},"content":{"rendered":"\n<p class=\"has-text-align-center is-style-text-annotation has-x-large-font-size is-style-text-annotation--1\">Projet de dipl\u00f4me<\/p>\n\n\n\n<div style=\"height:20px\" aria-hidden=\"true\" class=\"wp-block-spacer\"><\/div>\n\n\n\n<div class=\"wp-block-group alignfull is-style-section-2 has-global-padding is-layout-constrained wp-block-group-is-layout-constrained is-style-section-2--2\" style=\"margin-top:0;margin-bottom:0;padding-top:var(--wp--preset--spacing--60);padding-bottom:var(--wp--preset--spacing--60)\">\n<div class=\"wp-block-columns alignwide is-layout-flex wp-container-core-columns-is-layout-643ced6b wp-block-columns-is-layout-flex\">\n<div class=\"wp-block-column is-layout-flow wp-block-column-is-layout-flow\" style=\"flex-basis:40%\">\n<figure class=\"wp-block-gallery has-nested-images columns-default is-cropped wp-block-gallery-3 is-layout-flex wp-block-gallery-is-layout-flex\">\n<figure class=\"wp-block-image size-large\" style=\"margin-top:0;margin-right:0;margin-bottom:0;margin-left:0\"><img loading=\"lazy\" decoding=\"async\" width=\"1024\" height=\"1011\" data-id=\"406\" src=\"https:\/\/sinimedved.fr\/wp-content\/uploads\/2025\/03\/kolobok-1024x1011.png\" alt=\"\" class=\"wp-image-406\" srcset=\"https:\/\/sinimedved.fr\/wp-content\/uploads\/2025\/03\/kolobok-1024x1011.png 1024w, https:\/\/sinimedved.fr\/wp-content\/uploads\/2025\/03\/kolobok-300x296.png 300w, https:\/\/sinimedved.fr\/wp-content\/uploads\/2025\/03\/kolobok-768x759.png 768w, https:\/\/sinimedved.fr\/wp-content\/uploads\/2025\/03\/kolobok-1536x1517.png 1536w, https:\/\/sinimedved.fr\/wp-content\/uploads\/2025\/03\/kolobok-2048x2023.png 2048w\" sizes=\"auto, (max-width: 1024px) 100vw, 1024px\" \/><\/figure>\n<\/figure>\n<\/div>\n\n\n\n<div class=\"wp-block-column is-vertically-aligned-center is-layout-flow wp-container-core-column-is-layout-119bc444 wp-block-column-is-layout-flow\" style=\"flex-basis:60%\">\n<h2 class=\"wp-block-heading has-text-align-center has-x-large-font-size\">Recueil de contes Russes<\/h2>\n\n\n\n<p class=\"has-small-font-size\">Ce projet consiste \u00e0 la r\u00e9alisation d\u2019un livre illustr\u00e9 regroupant une dizaine de contes russes, peu connu par<br>le public fran\u00e7ais.<br>Le but est de partager un univers culturellement diff\u00e9rent mais porteur d\u2019un message de vie universel, avec<br>des valeurs qui perdurent dans le temps.<br>J&rsquo;ai r\u00e9alis\u00e9 ainsi des illustrations et des cabochons.<\/p>\n\n\n\n<p class=\"has-small-font-size\">Tout cela \u00e9tait pr\u00e9vue en traditionnel mais par contraintes de temps a \u00e9t\u00e9 r\u00e9alis\u00e9 en num\u00e9rique ressemblant le plus fid\u00e8lement au traditionnel avec des \u00e9l\u00e9ments abstraits, tel que des fonds textur\u00e9s par<br>exemple.<\/p>\n<\/div>\n<\/div>\n<\/div>\n\n\n\n<figure class=\"wp-block-image size-full is-style-default\"><img loading=\"lazy\" decoding=\"async\" width=\"787\" height=\"787\" src=\"https:\/\/sinimedved.fr\/wp-content\/uploads\/2025\/07\/mockup-livre-dimplome-100dpi.png\" alt=\"\" class=\"wp-image-600\" srcset=\"https:\/\/sinimedved.fr\/wp-content\/uploads\/2025\/07\/mockup-livre-dimplome-100dpi.png 787w, https:\/\/sinimedved.fr\/wp-content\/uploads\/2025\/07\/mockup-livre-dimplome-100dpi-300x300.png 300w, https:\/\/sinimedved.fr\/wp-content\/uploads\/2025\/07\/mockup-livre-dimplome-100dpi-150x150.png 150w, https:\/\/sinimedved.fr\/wp-content\/uploads\/2025\/07\/mockup-livre-dimplome-100dpi-768x768.png 768w\" sizes=\"auto, (max-width: 787px) 100vw, 787px\" \/><\/figure>\n\n\n\n<div class=\"wp-block-group alignfull is-style-default has-global-padding is-layout-constrained wp-container-core-group-is-layout-ebee8dc1 wp-block-group-is-layout-constrained\" style=\"margin-top:0;margin-bottom:0;padding-top:var(--wp--preset--spacing--50);padding-bottom:var(--wp--preset--spacing--50)\">\n<figure class=\"wp-block-image alignwide size-large is-style-rounded\"><a href=\"https:\/\/sinimedved.fr\/wp-content\/uploads\/2025\/03\/kolobok-tests-acrylique.png\" data-lbwps-width=\"1587\" data-lbwps-height=\"560\" data-lbwps-srcsmall=\"https:\/\/sinimedved.fr\/wp-content\/uploads\/2025\/03\/kolobok-tests-acrylique-300x106.png\"><img loading=\"lazy\" decoding=\"async\" width=\"1024\" height=\"361\" src=\"https:\/\/sinimedved.fr\/wp-content\/uploads\/2025\/03\/kolobok-tests-acrylique-1024x361.png\" alt=\"\" class=\"wp-image-427\" srcset=\"https:\/\/sinimedved.fr\/wp-content\/uploads\/2025\/03\/kolobok-tests-acrylique-1024x361.png 1024w, https:\/\/sinimedved.fr\/wp-content\/uploads\/2025\/03\/kolobok-tests-acrylique-300x106.png 300w, https:\/\/sinimedved.fr\/wp-content\/uploads\/2025\/03\/kolobok-tests-acrylique-768x271.png 768w, https:\/\/sinimedved.fr\/wp-content\/uploads\/2025\/03\/kolobok-tests-acrylique-1536x542.png 1536w, https:\/\/sinimedved.fr\/wp-content\/uploads\/2025\/03\/kolobok-tests-acrylique.png 1587w\" sizes=\"auto, (max-width: 1024px) 100vw, 1024px\" \/><\/a><figcaption class=\"wp-element-caption\"><code><sub><mark style=\"background-color:rgba(0, 0, 0, 0);color:#890000\" class=\"has-inline-color\"><strong>Tests \u00e0 l'acrylique pour le petit pain, pour le conte Kolobok <\/strong><\/mark><\/sub><\/code><\/figcaption><\/figure>\n\n\n\n<figure class=\"wp-block-image size-large\"><a href=\"https:\/\/sinimedved.fr\/wp-content\/uploads\/2026\/01\/kolobok.webp\" data-lbwps-width=\"1179\" data-lbwps-height=\"1575\" data-lbwps-srcsmall=\"https:\/\/sinimedved.fr\/wp-content\/uploads\/2026\/01\/kolobok-225x300.webp\"><img loading=\"lazy\" decoding=\"async\" width=\"767\" height=\"1024\" src=\"https:\/\/sinimedved.fr\/wp-content\/uploads\/2026\/01\/kolobok-767x1024.webp\" alt=\"\" class=\"wp-image-671\" srcset=\"https:\/\/sinimedved.fr\/wp-content\/uploads\/2026\/01\/kolobok-767x1024.webp 767w, https:\/\/sinimedved.fr\/wp-content\/uploads\/2026\/01\/kolobok-225x300.webp 225w, https:\/\/sinimedved.fr\/wp-content\/uploads\/2026\/01\/kolobok-768x1026.webp 768w, https:\/\/sinimedved.fr\/wp-content\/uploads\/2026\/01\/kolobok-1150x1536.webp 1150w, https:\/\/sinimedved.fr\/wp-content\/uploads\/2026\/01\/kolobok.webp 1179w\" sizes=\"auto, (max-width: 767px) 100vw, 767px\" \/><\/a><figcaption class=\"wp-element-caption\">Kolobok<\/figcaption><\/figure>\n\n\n\n<figure class=\"wp-block-image size-large\"><a href=\"https:\/\/sinimedved.fr\/wp-content\/uploads\/2026\/01\/le_navet.webp\" data-lbwps-width=\"1575\" data-lbwps-height=\"975\" data-lbwps-srcsmall=\"https:\/\/sinimedved.fr\/wp-content\/uploads\/2026\/01\/le_navet-300x186.webp\"><img loading=\"lazy\" decoding=\"async\" width=\"1024\" height=\"634\" src=\"https:\/\/sinimedved.fr\/wp-content\/uploads\/2026\/01\/le_navet-1024x634.webp\" alt=\"\" class=\"wp-image-673\" srcset=\"https:\/\/sinimedved.fr\/wp-content\/uploads\/2026\/01\/le_navet-1024x634.webp 1024w, https:\/\/sinimedved.fr\/wp-content\/uploads\/2026\/01\/le_navet-300x186.webp 300w, https:\/\/sinimedved.fr\/wp-content\/uploads\/2026\/01\/le_navet-768x475.webp 768w, https:\/\/sinimedved.fr\/wp-content\/uploads\/2026\/01\/le_navet-1536x951.webp 1536w, https:\/\/sinimedved.fr\/wp-content\/uploads\/2026\/01\/le_navet.webp 1575w\" sizes=\"auto, (max-width: 1024px) 100vw, 1024px\" \/><\/a><figcaption class=\"wp-element-caption\">Le navet<\/figcaption><\/figure>\n\n\n\n<figure class=\"wp-block-image size-large\"><a href=\"https:\/\/sinimedved.fr\/wp-content\/uploads\/2026\/01\/vassilisssa.webp\" data-lbwps-width=\"1575\" data-lbwps-height=\"1049\" data-lbwps-srcsmall=\"https:\/\/sinimedved.fr\/wp-content\/uploads\/2026\/01\/vassilisssa-300x200.webp\"><img loading=\"lazy\" decoding=\"async\" width=\"1024\" height=\"682\" src=\"https:\/\/sinimedved.fr\/wp-content\/uploads\/2026\/01\/vassilisssa-1024x682.webp\" alt=\"\" class=\"wp-image-677\" srcset=\"https:\/\/sinimedved.fr\/wp-content\/uploads\/2026\/01\/vassilisssa-1024x682.webp 1024w, https:\/\/sinimedved.fr\/wp-content\/uploads\/2026\/01\/vassilisssa-300x200.webp 300w, https:\/\/sinimedved.fr\/wp-content\/uploads\/2026\/01\/vassilisssa-768x512.webp 768w, https:\/\/sinimedved.fr\/wp-content\/uploads\/2026\/01\/vassilisssa-1536x1023.webp 1536w, https:\/\/sinimedved.fr\/wp-content\/uploads\/2026\/01\/vassilisssa.webp 1575w\" sizes=\"auto, (max-width: 1024px) 100vw, 1024px\" \/><\/a><figcaption class=\"wp-element-caption\">Vassilissa la tr\u00e8s belle<\/figcaption><\/figure>\n\n\n\n<figure class=\"wp-block-image size-full\"><a href=\"https:\/\/sinimedved.fr\/wp-content\/uploads\/2025\/07\/snegourochka2-100dpi.png\" data-lbwps-width=\"597\" data-lbwps-height=\"787\" data-lbwps-srcsmall=\"https:\/\/sinimedved.fr\/wp-content\/uploads\/2025\/07\/snegourochka2-100dpi-228x300.png\"><img loading=\"lazy\" decoding=\"async\" width=\"597\" height=\"787\" src=\"https:\/\/sinimedved.fr\/wp-content\/uploads\/2025\/07\/snegourochka2-100dpi.png\" alt=\"\" class=\"wp-image-580\" srcset=\"https:\/\/sinimedved.fr\/wp-content\/uploads\/2025\/07\/snegourochka2-100dpi.png 597w, https:\/\/sinimedved.fr\/wp-content\/uploads\/2025\/07\/snegourochka2-100dpi-228x300.png 228w\" sizes=\"auto, (max-width: 597px) 100vw, 597px\" \/><\/a><figcaption class=\"wp-element-caption\">Snegourotchka<\/figcaption><\/figure>\n\n\n\n<figure class=\"wp-block-image aligncenter size-large\" style=\"margin-top:0;margin-bottom:0\"><a href=\"https:\/\/sinimedved.fr\/wp-content\/uploads\/2025\/07\/snegourochka-100dpi.png\" data-lbwps-width=\"1194\" data-lbwps-height=\"787\" data-lbwps-srcsmall=\"https:\/\/sinimedved.fr\/wp-content\/uploads\/2025\/07\/snegourochka-100dpi-300x198.png\"><img loading=\"lazy\" decoding=\"async\" width=\"1024\" height=\"675\" src=\"https:\/\/sinimedved.fr\/wp-content\/uploads\/2025\/07\/snegourochka-100dpi-1024x675.png\" alt=\"\" class=\"wp-image-573\" srcset=\"https:\/\/sinimedved.fr\/wp-content\/uploads\/2025\/07\/snegourochka-100dpi-1024x675.png 1024w, https:\/\/sinimedved.fr\/wp-content\/uploads\/2025\/07\/snegourochka-100dpi-300x198.png 300w, https:\/\/sinimedved.fr\/wp-content\/uploads\/2025\/07\/snegourochka-100dpi-768x506.png 768w, https:\/\/sinimedved.fr\/wp-content\/uploads\/2025\/07\/snegourochka-100dpi.png 1194w\" sizes=\"auto, (max-width: 1024px) 100vw, 1024px\" \/><\/a><figcaption class=\"wp-element-caption\">Snegourotchka<\/figcaption><\/figure>\n\n\n\n<figure class=\"wp-block-image size-large\"><a href=\"https:\/\/sinimedved.fr\/wp-content\/uploads\/2026\/01\/oies_cygnes.webp\" data-lbwps-width=\"2362\" data-lbwps-height=\"1061\" data-lbwps-srcsmall=\"https:\/\/sinimedved.fr\/wp-content\/uploads\/2026\/01\/oies_cygnes-300x135.webp\"><img loading=\"lazy\" decoding=\"async\" width=\"1024\" height=\"460\" src=\"https:\/\/sinimedved.fr\/wp-content\/uploads\/2026\/01\/oies_cygnes-1024x460.webp\" alt=\"\" class=\"wp-image-675\" srcset=\"https:\/\/sinimedved.fr\/wp-content\/uploads\/2026\/01\/oies_cygnes-1024x460.webp 1024w, https:\/\/sinimedved.fr\/wp-content\/uploads\/2026\/01\/oies_cygnes-300x135.webp 300w, https:\/\/sinimedved.fr\/wp-content\/uploads\/2026\/01\/oies_cygnes-768x345.webp 768w, https:\/\/sinimedved.fr\/wp-content\/uploads\/2026\/01\/oies_cygnes-1536x690.webp 1536w, https:\/\/sinimedved.fr\/wp-content\/uploads\/2026\/01\/oies_cygnes-2048x920.webp 2048w\" sizes=\"auto, (max-width: 1024px) 100vw, 1024px\" \/><\/a><figcaption class=\"wp-element-caption\">Les oies cygnes<\/figcaption><\/figure>\n\n\n\n<figure class=\"wp-block-image size-large\"><a href=\"https:\/\/sinimedved.fr\/wp-content\/uploads\/2026\/01\/coq_d_or.webp\" data-lbwps-width=\"2461\" data-lbwps-height=\"1104\" data-lbwps-srcsmall=\"https:\/\/sinimedved.fr\/wp-content\/uploads\/2026\/01\/coq_d_or-300x135.webp\"><img loading=\"lazy\" decoding=\"async\" width=\"1024\" height=\"459\" src=\"https:\/\/sinimedved.fr\/wp-content\/uploads\/2026\/01\/coq_d_or-1024x459.webp\" alt=\"\" class=\"wp-image-666\" srcset=\"https:\/\/sinimedved.fr\/wp-content\/uploads\/2026\/01\/coq_d_or-1024x459.webp 1024w, https:\/\/sinimedved.fr\/wp-content\/uploads\/2026\/01\/coq_d_or-300x135.webp 300w, https:\/\/sinimedved.fr\/wp-content\/uploads\/2026\/01\/coq_d_or-768x345.webp 768w, https:\/\/sinimedved.fr\/wp-content\/uploads\/2026\/01\/coq_d_or-1536x689.webp 1536w, https:\/\/sinimedved.fr\/wp-content\/uploads\/2026\/01\/coq_d_or-2048x919.webp 2048w\" sizes=\"auto, (max-width: 1024px) 100vw, 1024px\" \/><\/a><figcaption class=\"wp-element-caption\">Le coque d&rsquo;or<\/figcaption><\/figure>\n\n\n\n<figure class=\"wp-block-image size-large\"><a href=\"https:\/\/sinimedved.fr\/wp-content\/uploads\/2026\/01\/par_la_volonte_du_brochet.webp\" data-lbwps-width=\"1969\" data-lbwps-height=\"1298\" data-lbwps-srcsmall=\"https:\/\/sinimedved.fr\/wp-content\/uploads\/2026\/01\/par_la_volonte_du_brochet-300x198.webp\"><img loading=\"lazy\" decoding=\"async\" width=\"1024\" height=\"675\" src=\"https:\/\/sinimedved.fr\/wp-content\/uploads\/2026\/01\/par_la_volonte_du_brochet-1024x675.webp\" alt=\"\" class=\"wp-image-679\" srcset=\"https:\/\/sinimedved.fr\/wp-content\/uploads\/2026\/01\/par_la_volonte_du_brochet-1024x675.webp 1024w, https:\/\/sinimedved.fr\/wp-content\/uploads\/2026\/01\/par_la_volonte_du_brochet-300x198.webp 300w, https:\/\/sinimedved.fr\/wp-content\/uploads\/2026\/01\/par_la_volonte_du_brochet-768x506.webp 768w, https:\/\/sinimedved.fr\/wp-content\/uploads\/2026\/01\/par_la_volonte_du_brochet-1536x1013.webp 1536w, https:\/\/sinimedved.fr\/wp-content\/uploads\/2026\/01\/par_la_volonte_du_brochet.webp 1969w\" sizes=\"auto, (max-width: 1024px) 100vw, 1024px\" \/><\/a><figcaption class=\"wp-element-caption\">Par la volont\u00e9 du brochet<\/figcaption><\/figure>\n<\/div>\n\n\n\n<p><\/p>\n","protected":false},"excerpt":{"rendered":"<p>Projet de dipl\u00f4me Recueil de contes Russes Ce projet consiste \u00e0 la r\u00e9alisation d\u2019un livre illustr\u00e9 regroupant une dizaine de contes russes, peu connu parle public fran\u00e7ais.Le but est de partager un univers culturellement diff\u00e9rent mais porteur d\u2019un message de vie universel, avecdes valeurs qui perdurent dans le temps.J&rsquo;ai r\u00e9alis\u00e9 ainsi des illustrations et des [&hellip;]<\/p>\n","protected":false},"author":1,"featured_media":0,"parent":0,"menu_order":0,"comment_status":"closed","ping_status":"closed","template":"","meta":{"footnotes":""},"class_list":["post-376","page","type-page","status-publish","hentry"],"_links":{"self":[{"href":"https:\/\/sinimedved.fr\/index.php?rest_route=\/wp\/v2\/pages\/376","targetHints":{"allow":["GET"]}}],"collection":[{"href":"https:\/\/sinimedved.fr\/index.php?rest_route=\/wp\/v2\/pages"}],"about":[{"href":"https:\/\/sinimedved.fr\/index.php?rest_route=\/wp\/v2\/types\/page"}],"author":[{"embeddable":true,"href":"https:\/\/sinimedved.fr\/index.php?rest_route=\/wp\/v2\/users\/1"}],"replies":[{"embeddable":true,"href":"https:\/\/sinimedved.fr\/index.php?rest_route=%2Fwp%2Fv2%2Fcomments&post=376"}],"version-history":[{"count":43,"href":"https:\/\/sinimedved.fr\/index.php?rest_route=\/wp\/v2\/pages\/376\/revisions"}],"predecessor-version":[{"id":681,"href":"https:\/\/sinimedved.fr\/index.php?rest_route=\/wp\/v2\/pages\/376\/revisions\/681"}],"wp:attachment":[{"href":"https:\/\/sinimedved.fr\/index.php?rest_route=%2Fwp%2Fv2%2Fmedia&parent=376"}],"curies":[{"name":"wp","href":"https:\/\/api.w.org\/{rel}","templated":true}]}}